{"id":575,"date":"2021-01-23T15:18:04","date_gmt":"2021-01-23T15:18:04","guid":{"rendered":"http:\/\/prof3sja.pl\/?page_id=575"},"modified":"2025-06-27T19:47:53","modified_gmt":"2025-06-27T19:47:53","slug":"prof3sja","status":"publish","type":"page","link":"https:\/\/prof3sja.pl\/","title":{"rendered":"Witamy"},"content":{"rendered":"\t\t<div data-elementor-type=\"wp-page\" data-elementor-id=\"575\" class=\"elementor elementor-575\" data-elementor-settings=\"[]\">\n\t\t\t\t\t\t\t<div class=\"elementor-section-wrap\">\n\t\t\t\t\t\t\t<section class=\"elementor-section elementor-top-section elementor-element elementor-element-55162188 elementor-section-boxed elementor-section-height-default elementor-section-height-default\" data-id=\"55162188\" data-element_type=\"section\">\n\t\t\t\t\t\t<div class=\"elementor-container elementor-column-gap-default\">\n\t\t\t\t\t<div class=\"elementor-column elementor-col-100 elementor-top-column elementor-element elementor-element-ade0fe3\" data-id=\"ade0fe3\" data-element_type=\"column\">\n\t\t\t<div class=\"elementor-widget-wrap elementor-element-populated\">\n\t\t\t\t\t\t\t\t<div class=\"elementor-element elementor-element-56b21480 elementor-widget elementor-widget-text-editor\" data-id=\"56b21480\" data-element_type=\"widget\" data-widget_type=\"text-editor.default\">\n\t\t\t\t<div class=\"elementor-widget-container\">\n\t\t\t\t\t\t\t<p><span style=\"text-decoration: underline;\"><!-- wp:columns --><\/span><\/p>\n<div class=\"wp-block-columns\">\n<p><span style=\"text-decoration: underline;\"><!-- wp:column --><\/span><\/p>\n<div class=\"wp-block-column\">\n<p><!-- wp:paragraph {\"textColor\":\"vivid-green-cyan\",\"fontSize\":\"medium\"} --><\/p>\n<p class=\"has-vivid-green-cyan-color has-text-color has-medium-font-size\"><a style=\"background-color: #ffffff;\" href=\"http:\/\/prof3sja.pl\/?page_id=585\" data-type=\"page\" data-id=\"585\"><strong>Wyburzenia i rozbi\u00f3rki<\/strong><\/a><\/p>\n<p><!-- \/wp:paragraph --><!-- wp:paragraph {\"textColor\":\"vivid-green-cyan\",\"fontSize\":\"medium\"} --><\/p>\n<p class=\"has-vivid-green-cyan-color has-text-color has-medium-font-size\"><a id=\"599\" class=\"rank-math-link\" href=\"http:\/\/prof3sja.pl\/?page_id=599\" type=\"page\"><strong>Prace og\u00f3lnobudowlane i prace ziemne<\/strong><\/a><\/p>\n<p><!-- \/wp:paragraph --><!-- wp:paragraph {\"textColor\":\"vivid-green-cyan\",\"fontSize\":\"medium\"} --><\/p>\n<p class=\"has-vivid-green-cyan-color has-text-color has-medium-font-size\"><a href=\"http:\/\/prof3sja.pl\/?page_id=1501\"><strong>Prace murarskie<\/strong><\/a><\/p>\n<p><!-- \/wp:paragraph --><!-- wp:paragraph {\"textColor\":\"vivid-green-cyan\",\"fontSize\":\"medium\"} --><\/p>\n<p class=\"has-vivid-green-cyan-color has-text-color has-medium-font-size\"><a href=\"http:\/\/prof3sja.pl\/?page_id=590\" style=\"\"><strong style=\"\">Remonty i wyko\u0144czenia pod klucz<\/strong><\/a><\/p>\n<p><!-- \/wp:paragraph --><!-- wp:paragraph {\"textColor\":\"vivid-green-cyan\",\"fontSize\":\"medium\"} --><\/p>\n<p class=\"has-vivid-green-cyan-color has-text-color has-medium-font-size\"><a href=\"http:\/\/prof3sja.pl\/?page_id=588\" data-type=\"page\" data-id=\"588\"><strong>Tereny zielone, wycinka drzew<\/strong><\/a><\/p>\n<p><!-- \/wp:paragraph --><!-- wp:paragraph {\"textColor\":\"vivid-green-cyan\",\"fontSize\":\"medium\"} --><\/p>\n<p class=\"has-vivid-green-cyan-color has-text-color has-medium-font-size\"><a href=\"http:\/\/prof3sja.pl\/?page_id=609\" data-type=\"page\" data-id=\"609\" style=\"\"><strong style=\"\">Prace porz\u0105dkowe; opr\u00f3\u017cnianie mieszka\u0144, piwnic, strych\u00f3w itp.<\/strong><\/a><\/p>\n<p><span style=\"text-decoration: underline;\"><!-- \/wp:paragraph --><\/span><\/p>\n<\/div>\n<p><span style=\"text-decoration: underline;\"><!-- \/wp:column --><\/span><\/p>\n<\/div>\n<p><span style=\"text-decoration: underline;\"><!-- \/wp:columns --><!-- wp:columns --><\/span><\/p>\n<div class=\"wp-block-columns\">\n<p><span style=\"text-decoration: underline;\"><!-- wp:column {\"width\":\"33.33%\"} --><\/span><\/p>\n<div class=\"wp-block-column\" style=\"flex-basis: 33.33%;\">&nbsp;<\/div>\n<p><span style=\"text-decoration: underline;\"><!-- \/wp:column --><\/span><\/p>\n<\/div>\n<p><span style=\"text-decoration: underline;\"><!-- \/wp:columns --><!-- wp:columns --><\/span><\/p>\n<div class=\"wp-block-columns\">\n<p><span style=\"text-decoration: underline;\"><!-- wp:column {\"width\":\"100%\"} --><\/span><\/p>\n<div class=\"wp-block-column\" style=\"flex-basis: 100%;\">\n<p><span style=\"text-decoration: underline;\"><!-- wp:columns --><\/span><\/p>\n<div class=\"wp-block-columns\">\n<p><span style=\"text-decoration: underline;\"><!-- wp:column {\"width\":\"50%\"} --><\/span><\/p>\n<div class=\"wp-block-column\" style=\"flex-basis: 50%;\">\n<p><span style=\"text-decoration: underline;\"><!-- wp:image --><\/span><\/p>\n<figure class=\"wp-block-image\"><span style=\"text-decoration: underline;\"><img decoding=\"async\" src=\"https:\/\/www.oferteo.pl\/images\/buttons\/badge-best-current.svg\" alt=\"Obrazek posiada pusty atrybut alt; plik o nazwie badge-best-current.svg\"><\/span><\/figure>\n<p><span style=\"text-decoration: underline;\"><!-- \/wp:image --><!-- wp:image {\"id\":1192,\"sizeSlug\":\"large\",\"linkDestination\":\"none\"} --><\/span><\/p>\n<figure class=\"wp-block-image size-large\"><span style=\"text-decoration: underline;\"><img loading=\"lazy\" decoding=\"async\" width=\"178\" height=\"52\" class=\"wp-image-1192\" src=\"https:\/\/prof3sja.pl\/wp-content\/uploads\/2021\/10\/widget-a01-1-1.png\" alt=\"\"><\/span><\/figure>\n<p><span style=\"text-decoration: underline;\"><!-- \/wp:image --><\/span><\/p>\n<\/div>\n<p><span style=\"text-decoration: underline;\"><!-- \/wp:column --><!-- wp:column {\"width\":\"60%\"} --><\/span><\/p>\n<div class=\"wp-block-column\" style=\"flex-basis: 60%;\">&nbsp;<\/div>\n<p><span style=\"text-decoration: underline;\"><!-- \/wp:column --><\/span><\/p>\n<\/div>\n<p><span style=\"text-decoration: underline;\"><!-- \/wp:columns --><\/span><\/p>\n<\/div>\n<p><span style=\"text-decoration: underline;\"><!-- \/wp:column --><\/span><\/p>\n<\/div>\n<p><span style=\"text-decoration: underline;\"><!-- \/wp:columns --><!-- wp:paragraph {\"textColor\":\"white\"} --><\/span><\/p>\n<p class=\"has-white-color has-text-color\"><span style=\"text-decoration: underline;\">#&nbsp;<\/span><\/p>\n<p><span style=\"text-decoration: underline;\"><!-- \/wp:paragraph --><!-- wp:paragraph --><\/span><\/p>\n<p><\/p>\n<p><span style=\"text-decoration: underline;\"><!-- \/wp:paragraph --><\/span><\/p>\t\t\t\t\t\t<\/div>\n\t\t\t\t<\/div>\n\t\t\t\t\t<\/div>\n\t\t<\/div>\n\t\t\t\t\t\t\t<\/div>\n\t\t<\/section>\n\t\t\t\t\t\t<\/div>\n\t\t\t\t\t<\/div>\n\t\t","protected":false},"excerpt":{"rendered":"<p>Wyburzenia i rozbi\u00f3rki Prace og\u00f3lnobudowlane i prace ziemne Prace murarskie Remonty i wyko\u0144czenia pod klucz Tereny zielone, wycinka drzew Prace porz\u0105dkowe; opr\u00f3\u017cnianie mieszka\u0144, piwnic, strych\u00f3w itp. &nbsp; &nbsp; #&nbsp;<\/p>\n","protected":false},"author":1,"featured_media":0,"parent":0,"menu_order":0,"comment_status":"closed","ping_status":"closed","template":"","meta":{"footnotes":""},"class_list":["post-575","page","type-page","status-publish","hentry"],"_links":{"self":[{"href":"https:\/\/prof3sja.pl\/index.php?rest_route=\/wp\/v2\/pages\/575"}],"collection":[{"href":"https:\/\/prof3sja.pl\/index.php?rest_route=\/wp\/v2\/pages"}],"about":[{"href":"https:\/\/prof3sja.pl\/index.php?rest_route=\/wp\/v2\/types\/page"}],"author":[{"embeddable":true,"href":"https:\/\/prof3sja.pl\/index.php?rest_route=\/wp\/v2\/users\/1"}],"replies":[{"embeddable":true,"href":"https:\/\/prof3sja.pl\/index.php?rest_route=%2Fwp%2Fv2%2Fcomments&post=575"}],"version-history":[{"count":103,"href":"https:\/\/prof3sja.pl\/index.php?rest_route=\/wp\/v2\/pages\/575\/revisions"}],"predecessor-version":[{"id":1570,"href":"https:\/\/prof3sja.pl\/index.php?rest_route=\/wp\/v2\/pages\/575\/revisions\/1570"}],"wp:attachment":[{"href":"https:\/\/prof3sja.pl\/index.php?rest_route=%2Fwp%2Fv2%2Fmedia&parent=575"}],"curies":[{"name":"wp","href":"https:\/\/api.w.org\/{rel}","templated":true}]}}